{"id":2591,"date":"2020-02-20T12:12:52","date_gmt":"2020-02-20T12:12:52","guid":{"rendered":"https:\/\/stal.qodeinteractive.com\/?page_id=2591"},"modified":"2020-02-20T12:12:52","modified_gmt":"2020-02-20T12:12:52","slug":"our-services","status":"publish","type":"page","link":"https:\/\/www.tmf-sa.pt\/pt\/our-services\/","title":{"rendered":"Our Services"},"content":{"rendered":"\t\t<div data-elementor-type=\"wp-page\" data-elementor-id=\"2591\" class=\"elementor elementor-2591\">\n\t\t\t\t\t\t<section class=\"elementor-section elementor-top-section elementor-element elementor-element-1d07719 qodef-elementor-content-grid elementor-section-boxed elementor-section-height-default elementor-section-height-default\" data-id=\"1d07719\" data-element_type=\"section\" data-e-type=\"section\">\n\t\t\t\t\t\t<div class=\"elementor-container elementor-column-gap-default\">\n\t\t\t\t\t<div class=\"elementor-column elementor-col-50 elementor-top-column elementor-element elementor-element-25d55c5\" data-id=\"25d55c5\" data-element_type=\"column\" data-e-type=\"column\">\n\t\t\t<div class=\"elementor-widget-wrap elementor-element-populated\">\n\t\t\t\t\t\t<div class=\"elementor-element elementor-element-8f89a05 elementor-widget elementor-widget-stal_core_section_title\" data-id=\"8f89a05\" data-element_type=\"widget\" data-e-type=\"widget\" data-widget_type=\"stal_core_section_title.default\">\n\t\t\t\t<div class=\"elementor-widget-container\">\n\t\t\t\t\t<div class=\"qodef-shortcode qodef-m  qodef-section-title qodef-alignment--left  qodef-title-with-tagline\">\n\t\t<div class=\"qodef-m-title-wrap\">\n\t        <h6 class=\"qodef-m-title-tagline\" >Our goals<\/h6>\n    \t<h2 class=\"qodef-m-title\" >\n\t\t\t\t\tProviding solutions of every kind, start to end\t\t\t<\/h2>\n\t\n\t<\/div>\n\t\t<p class=\"qodef-m-text\" style=\"font-size: 19px;line-height: 30px\">Lorem ipsum dolor sit amet, consectetur adipiscing elit. Suspendisse id quam tortor. Aenean et quam non nunc.<\/p>\n<\/div>\t\t\t\t<\/div>\n\t\t\t\t<\/div>\n\t\t\t\t\t<\/div>\n\t\t<\/div>\n\t\t\t\t<div class=\"elementor-column elementor-col-50 elementor-top-column elementor-element elementor-element-cdc7ba9\" data-id=\"cdc7ba9\" data-element_type=\"column\" data-e-type=\"column\">\n\t\t\t<div class=\"elementor-widget-wrap\">\n\t\t\t\t\t\t\t<\/div>\n\t\t<\/div>\n\t\t\t\t\t<\/div>\n\t\t<\/section>\n\t\t\t\t<section class=\"elementor-section elementor-top-section elementor-element elementor-element-ebd3287 qodef-elementor-content-grid elementor-section-boxed elementor-section-height-default elementor-section-height-default\" data-id=\"ebd3287\" data-element_type=\"section\" data-e-type=\"section\">\n\t\t\t\t\t\t<div class=\"elementor-container elementor-column-gap-default\">\n\t\t\t\t\t<div class=\"elementor-column elementor-col-25 elementor-top-column elementor-element elementor-element-f0ca19e\" data-id=\"f0ca19e\" data-element_type=\"column\" data-e-type=\"column\" data-settings=\"{&quot;background_background&quot;:&quot;classic&quot;}\">\n\t\t\t<div class=\"elementor-widget-wrap elementor-element-populated\">\n\t\t\t\t\t\t<div class=\"elementor-element elementor-element-c6cc88c elementor-widget elementor-widget-stal_core_icon_with_text\" data-id=\"c6cc88c\" data-element_type=\"widget\" data-e-type=\"widget\" data-widget_type=\"stal_core_icon_with_text.default\">\n\t\t\t\t<div class=\"elementor-widget-container\">\n\t\t\t\t\t<div class=\"qodef-shortcode qodef-m  qodef-icon-with-text qodef-layout--top  qodef--custom-icon  qodef-alignment--left\" >\n\t<div class=\"qodef-m-icon-wrapper\">\n\t\t\t\t\t<img decoding=\"async\" width=\"81\" height=\"77\" src=\"https:\/\/www.tmf-sa.pt\/wp-content\/uploads\/2020\/01\/h1-icon-1.png\" class=\"attachment-full size-full\" alt=\"m\" srcset=\"https:\/\/www.tmf-sa.pt\/wp-content\/uploads\/2020\/01\/h1-icon-1.png 81w, https:\/\/www.tmf-sa.pt\/wp-content\/uploads\/2020\/01\/h1-icon-1-13x12.png 13w\" sizes=\"(max-width: 81px) 100vw, 81px\" \/>\t\t<\/div>\n\t<div class=\"qodef-m-content\">\n\t\t\t<h4 class=\"qodef-m-title\" >\n\t\t\t\t\t<span class=\"qodef-m-title-text\">Electric charging<\/span>\n\t\t\t<\/h4>\n\t\t\t<p class=\"qodef-m-text\" >Lorem ipsum dolor sit amet, consectetur adipiscing elit. <\/p>\n\t<\/div>\n<\/div>\t\t\t\t<\/div>\n\t\t\t\t<\/div>\n\t\t\t\t\t<\/div>\n\t\t<\/div>\n\t\t\t\t<div class=\"elementor-column elementor-col-25 elementor-top-column elementor-element elementor-element-8aff1b6\" data-id=\"8aff1b6\" data-element_type=\"column\" data-e-type=\"column\" data-settings=\"{&quot;background_background&quot;:&quot;classic&quot;}\">\n\t\t\t<div class=\"elementor-widget-wrap elementor-element-populated\">\n\t\t\t\t\t\t<div class=\"elementor-element elementor-element-5bc7926 elementor-widget elementor-widget-stal_core_icon_with_text\" data-id=\"5bc7926\" data-element_type=\"widget\" data-e-type=\"widget\" data-widget_type=\"stal_core_icon_with_text.default\">\n\t\t\t\t<div class=\"elementor-widget-container\">\n\t\t\t\t\t<div class=\"qodef-shortcode qodef-m  qodef-icon-with-text qodef-layout--top  qodef--custom-icon  qodef-alignment--left\" >\n\t<div class=\"qodef-m-icon-wrapper\">\n\t\t\t\t\t<img decoding=\"async\" width=\"81\" height=\"77\" src=\"https:\/\/www.tmf-sa.pt\/wp-content\/uploads\/2020\/01\/h1-icon-2.png\" class=\"attachment-full size-full\" alt=\"m\" srcset=\"https:\/\/www.tmf-sa.pt\/wp-content\/uploads\/2020\/01\/h1-icon-2.png 81w, https:\/\/www.tmf-sa.pt\/wp-content\/uploads\/2020\/01\/h1-icon-2-13x12.png 13w\" sizes=\"(max-width: 81px) 100vw, 81px\" \/>\t\t<\/div>\n\t<div class=\"qodef-m-content\">\n\t\t\t<h4 class=\"qodef-m-title\" >\n\t\t\t\t\t<span class=\"qodef-m-title-text\">Water suplying<\/span>\n\t\t\t<\/h4>\n\t\t\t<p class=\"qodef-m-text\" >Lorem ipsum dolor sit amet, consectetur adipiscing elit. <\/p>\n\t<\/div>\n<\/div>\t\t\t\t<\/div>\n\t\t\t\t<\/div>\n\t\t\t\t\t<\/div>\n\t\t<\/div>\n\t\t\t\t<div class=\"elementor-column elementor-col-25 elementor-top-column elementor-element elementor-element-14e5596\" data-id=\"14e5596\" data-element_type=\"column\" data-e-type=\"column\" data-settings=\"{&quot;background_background&quot;:&quot;classic&quot;}\">\n\t\t\t<div class=\"elementor-widget-wrap elementor-element-populated\">\n\t\t\t\t\t\t<div class=\"elementor-element elementor-element-0cb3c4d elementor-widget elementor-widget-stal_core_icon_with_text\" data-id=\"0cb3c4d\" data-element_type=\"widget\" data-e-type=\"widget\" data-widget_type=\"stal_core_icon_with_text.default\">\n\t\t\t\t<div class=\"elementor-widget-container\">\n\t\t\t\t\t<div class=\"qodef-shortcode qodef-m  qodef-icon-with-text qodef-layout--top  qodef--custom-icon  qodef-alignment--left\" >\n\t<div class=\"qodef-m-icon-wrapper\">\n\t\t\t\t\t<img decoding=\"async\" width=\"81\" height=\"77\" src=\"https:\/\/www.tmf-sa.pt\/wp-content\/uploads\/2020\/01\/h1-icon-3.png\" class=\"attachment-full size-full\" alt=\"m\" srcset=\"https:\/\/www.tmf-sa.pt\/wp-content\/uploads\/2020\/01\/h1-icon-3.png 81w, https:\/\/www.tmf-sa.pt\/wp-content\/uploads\/2020\/01\/h1-icon-3-13x12.png 13w\" sizes=\"(max-width: 81px) 100vw, 81px\" \/>\t\t<\/div>\n\t<div class=\"qodef-m-content\">\n\t\t\t<h4 class=\"qodef-m-title\" >\n\t\t\t\t\t<span class=\"qodef-m-title-text\">Managment<\/span>\n\t\t\t<\/h4>\n\t\t\t<p class=\"qodef-m-text\" >Lorem ipsum dolor sit amet, consectetur adipiscing elit.<\/p>\n\t<\/div>\n<\/div>\t\t\t\t<\/div>\n\t\t\t\t<\/div>\n\t\t\t\t\t<\/div>\n\t\t<\/div>\n\t\t\t\t<div class=\"elementor-column elementor-col-25 elementor-top-column elementor-element elementor-element-217eee5\" data-id=\"217eee5\" data-element_type=\"column\" data-e-type=\"column\" data-settings=\"{&quot;background_background&quot;:&quot;classic&quot;}\">\n\t\t\t<div class=\"elementor-widget-wrap elementor-element-populated\">\n\t\t\t\t\t\t<div class=\"elementor-element elementor-element-a3bb8eb elementor-widget elementor-widget-stal_core_icon_with_text\" data-id=\"a3bb8eb\" data-element_type=\"widget\" data-e-type=\"widget\" data-widget_type=\"stal_core_icon_with_text.default\">\n\t\t\t\t<div class=\"elementor-widget-container\">\n\t\t\t\t\t<div class=\"qodef-shortcode qodef-m  qodef-icon-with-text qodef-layout--top  qodef--custom-icon  qodef-alignment--left\" >\n\t<div class=\"qodef-m-icon-wrapper\">\n\t\t\t\t\t<img loading=\"lazy\" decoding=\"async\" width=\"81\" height=\"77\" src=\"https:\/\/www.tmf-sa.pt\/wp-content\/uploads\/2020\/01\/h1-icon-4.png\" class=\"attachment-full size-full\" alt=\"m\" srcset=\"https:\/\/www.tmf-sa.pt\/wp-content\/uploads\/2020\/01\/h1-icon-4.png 81w, https:\/\/www.tmf-sa.pt\/wp-content\/uploads\/2020\/01\/h1-icon-4-13x12.png 13w\" sizes=\"(max-width: 81px) 100vw, 81px\" \/>\t\t<\/div>\n\t<div class=\"qodef-m-content\">\n\t\t\t<h4 class=\"qodef-m-title\" >\n\t\t\t\t\t<span class=\"qodef-m-title-text\">Control<\/span>\n\t\t\t<\/h4>\n\t\t\t<p class=\"qodef-m-text\" >Lorem ipsum dolor sit amet, consectetur adipiscing elit.<\/p>\n\t<\/div>\n<\/div>\t\t\t\t<\/div>\n\t\t\t\t<\/div>\n\t\t\t\t\t<\/div>\n\t\t<\/div>\n\t\t\t\t\t<\/div>\n\t\t<\/section>\n\t\t\t\t<section class=\"elementor-section elementor-top-section elementor-element elementor-element-8689569 elementor-section-full_width elementor-section-height-default elementor-section-height-default qodef-elementor-content-no\" data-id=\"8689569\" data-element_type=\"section\" data-e-type=\"section\">\n\t\t\t\t\t\t<div class=\"elementor-container elementor-column-gap-default\">\n\t\t\t\t\t<div class=\"elementor-column elementor-col-100 elementor-top-column elementor-element elementor-element-159dc36\" data-id=\"159dc36\" data-element_type=\"column\" data-e-type=\"column\">\n\t\t\t<div class=\"elementor-widget-wrap elementor-element-populated\">\n\t\t\t\t\t\t<div class=\"elementor-element elementor-element-f389f5d elementor-widget elementor-widget-stal_core_holder_with_image\" data-id=\"f389f5d\" data-element_type=\"widget\" data-e-type=\"widget\" data-widget_type=\"stal_core_holder_with_image.default\">\n\t\t\t\t<div class=\"elementor-widget-container\">\n\t\t\t\t\t<div class=\"qodef-shortcode qodef-m  qodef-holder-with-image qodef-layout--image-right qodef-disable-below--1024 qodef-appear-animation-enabled--no\" >\n\t<div class=\"qodef-m-inner\">\n\t\t<div class=\"qodef-m-content\" style=\"padding: 4% 0% 5% 16%;width: 67%;margin-right: 33%\">\n\t\t\t<div data-elementor-type=\"section\" data-elementor-id=\"181\" class=\"elementor elementor-181\">\n\t\t\t\t\t\t<section class=\"elementor-section elementor-top-section elementor-element elementor-element-df80563 qodef-elementor-content-grid elementor-section-full_width elementor-section-height-default elementor-section-height-default\" data-id=\"df80563\" data-element_type=\"section\" data-e-type=\"section\">\n\t\t\t\t\t\t<div class=\"elementor-container elementor-column-gap-default\">\n\t\t\t\t\t<div class=\"elementor-column elementor-col-50 elementor-top-column elementor-element elementor-element-8edbea5\" data-id=\"8edbea5\" data-element_type=\"column\" data-e-type=\"column\">\n\t\t\t<div class=\"elementor-widget-wrap elementor-element-populated\">\n\t\t\t\t\t\t<div class=\"elementor-element elementor-element-a4df636 elementor-widget elementor-widget-stal_core_section_title\" data-id=\"a4df636\" data-element_type=\"widget\" data-e-type=\"widget\" data-widget_type=\"stal_core_section_title.default\">\n\t\t\t\t<div class=\"elementor-widget-container\">\n\t\t\t\t\t<div class=\"qodef-shortcode qodef-m  qodef-section-title qodef-alignment--left  qodef-title-with-tagline\">\n\t\t<div class=\"qodef-m-title-wrap\">\n\t        <h6 class=\"qodef-m-title-tagline\" >Vis\u00e3o TMF<\/h6>\n    \t<h2 class=\"qodef-m-title\" >\n\t\t\t\t\tFazemos acontecer com melhores pr\u00e1ticas do setor\t\t\t<\/h2>\n\t\n\t<\/div>\n\t\t<p class=\"qodef-m-text\" style=\"margin-top: 20px;font-size: 19px;line-height: 30px\">O reconhecimento dos nossos clientes e a exig\u00eancia no compromisso de parceria que assumimos a cada momento, leva-nos a adotar medidas para uma permanente inova\u00e7\u00e3o, bem como a efetuar avultados investimentos nos ativos produtivos, no sentido de continuarmos a dar a melhor resposta a cada novo desafio proposto.<\/p>\n<\/div>\t\t\t\t<\/div>\n\t\t\t\t<\/div>\n\t\t\t\t\t<\/div>\n\t\t<\/div>\n\t\t\t\t<div class=\"elementor-column elementor-col-50 elementor-top-column elementor-element elementor-element-d280105\" data-id=\"d280105\" data-element_type=\"column\" data-e-type=\"column\">\n\t\t\t<div class=\"elementor-widget-wrap\">\n\t\t\t\t\t\t\t<\/div>\n\t\t<\/div>\n\t\t\t\t\t<\/div>\n\t\t<\/section>\n\t\t\t\t<\/div>\n\t\t<\/div>\n\t\t<img decoding=\"async\" class=\"qodef-m-image\" src=\"https:\/\/www.tmf-sa.pt\/wp-content\/uploads\/2020\/03\/h1-section-1.jpg\" alt=\"m\"  \/>\t<\/div>\n<\/div>\t\t\t\t<\/div>\n\t\t\t\t<\/div>\n\t\t\t\t\t<\/div>\n\t\t<\/div>\n\t\t\t\t\t<\/div>\n\t\t<\/section>\n\t\t\t\t<section class=\"elementor-section elementor-top-section elementor-element elementor-element-82994ec qodef-elementor-content-grid elementor-section-boxed elementor-section-height-default elementor-section-height-default\" data-id=\"82994ec\" data-element_type=\"section\" data-e-type=\"section\">\n\t\t\t\t\t\t<div class=\"elementor-container elementor-column-gap-default\">\n\t\t\t\t\t<div class=\"elementor-column elementor-col-25 elementor-top-column elementor-element elementor-element-a2bec29\" data-id=\"a2bec29\" data-element_type=\"column\" data-e-type=\"column\">\n\t\t\t<div class=\"elementor-widget-wrap elementor-element-populated\">\n\t\t\t\t\t\t<div class=\"elementor-element elementor-element-80fce78 elementor-widget elementor-widget-stal_core_progress_bar\" data-id=\"80fce78\" data-element_type=\"widget\" data-e-type=\"widget\" data-widget_type=\"stal_core_progress_bar.default\">\n\t\t\t\t<div class=\"elementor-widget-container\">\n\t\t\t\t\t<div class=\"qodef-shortcode qodef-m  qodef-progress-bar qodef-layout--circle\" data-layout=\"circle\" data-active-line-color=\"#FF0000\" data-active-line-width=\"1\" data-inactive-line-color=\"#DCDCDC\" data-inactive-line-width=\"2\"  data-number=\"92\" data-text-color=\"#000\">\n    <div class=\"qodef-m-inner\">\n        <div class=\"qodef-m-canvas\">\n\t\t\t        <\/div>\n\t\t        <h6 class=\"qodef-m-title\" >Energy efficiency<\/h6>\n\t<\/div>\n<\/div>\t\t\t\t<\/div>\n\t\t\t\t<\/div>\n\t\t\t\t\t<\/div>\n\t\t<\/div>\n\t\t\t\t<div class=\"elementor-column elementor-col-25 elementor-top-column elementor-element elementor-element-939f719\" data-id=\"939f719\" data-element_type=\"column\" data-e-type=\"column\">\n\t\t\t<div class=\"elementor-widget-wrap elementor-element-populated\">\n\t\t\t\t\t\t<div class=\"elementor-element elementor-element-4d79531 elementor-widget elementor-widget-stal_core_progress_bar\" data-id=\"4d79531\" data-element_type=\"widget\" data-e-type=\"widget\" data-widget_type=\"stal_core_progress_bar.default\">\n\t\t\t\t<div class=\"elementor-widget-container\">\n\t\t\t\t\t<div class=\"qodef-shortcode qodef-m  qodef-progress-bar qodef-layout--circle\" data-layout=\"circle\" data-active-line-color=\"#F80404\" data-active-line-width=\"1\" data-inactive-line-color=\"#EAE9E9\" data-inactive-line-width=\"2\"  data-number=\"60\" data-text-color=\"#000\">\n    <div class=\"qodef-m-inner\">\n        <div class=\"qodef-m-canvas\">\n\t\t\t        <\/div>\n\t\t        <h6 class=\"qodef-m-title\" >Production growth<\/h6>\n\t<\/div>\n<\/div>\t\t\t\t<\/div>\n\t\t\t\t<\/div>\n\t\t\t\t\t<\/div>\n\t\t<\/div>\n\t\t\t\t<div class=\"elementor-column elementor-col-25 elementor-top-column elementor-element elementor-element-86cdb8c\" data-id=\"86cdb8c\" data-element_type=\"column\" data-e-type=\"column\">\n\t\t\t<div class=\"elementor-widget-wrap elementor-element-populated\">\n\t\t\t\t\t\t<div class=\"elementor-element elementor-element-b36fa53 elementor-widget elementor-widget-stal_core_progress_bar\" data-id=\"b36fa53\" data-element_type=\"widget\" data-e-type=\"widget\" data-widget_type=\"stal_core_progress_bar.default\">\n\t\t\t\t<div class=\"elementor-widget-container\">\n\t\t\t\t\t<div class=\"qodef-shortcode qodef-m  qodef-progress-bar qodef-layout--circle\" data-layout=\"circle\" data-active-line-color=\"#FF0000\" data-active-line-width=\"1\" data-inactive-line-color=\"#DEDEDE\" data-inactive-line-width=\"2\"  data-number=\"72\" data-text-color=\"#000\">\n    <div class=\"qodef-m-inner\">\n        <div class=\"qodef-m-canvas\">\n\t\t\t        <\/div>\n\t\t        <h6 class=\"qodef-m-title\" >Market increase<\/h6>\n\t<\/div>\n<\/div>\t\t\t\t<\/div>\n\t\t\t\t<\/div>\n\t\t\t\t\t<\/div>\n\t\t<\/div>\n\t\t\t\t<div class=\"elementor-column elementor-col-25 elementor-top-column elementor-element elementor-element-8e5c4e3\" data-id=\"8e5c4e3\" data-element_type=\"column\" data-e-type=\"column\">\n\t\t\t<div class=\"elementor-widget-wrap elementor-element-populated\">\n\t\t\t\t\t\t<div class=\"elementor-element elementor-element-3e316b9 elementor-widget elementor-widget-stal_core_progress_bar\" data-id=\"3e316b9\" data-element_type=\"widget\" data-e-type=\"widget\" data-widget_type=\"stal_core_progress_bar.default\">\n\t\t\t\t<div class=\"elementor-widget-container\">\n\t\t\t\t\t<div class=\"qodef-shortcode qodef-m  qodef-progress-bar qodef-layout--circle\" data-layout=\"circle\" data-active-line-color=\"#FF0000\" data-active-line-width=\"1\" data-inactive-line-color=\"#D8D8D8\" data-inactive-line-width=\"2\"  data-number=\"90\" data-text-color=\"#000\">\n    <div class=\"qodef-m-inner\">\n        <div class=\"qodef-m-canvas\">\n\t\t\t        <\/div>\n\t\t        <h6 class=\"qodef-m-title\" >Proffit turned<\/h6>\n\t<\/div>\n<\/div>\t\t\t\t<\/div>\n\t\t\t\t<\/div>\n\t\t\t\t\t<\/div>\n\t\t<\/div>\n\t\t\t\t\t<\/div>\n\t\t<\/section>\n\t\t\t\t<section class=\"elementor-section elementor-top-section elementor-element elementor-element-262788b elementor-section-full_width qodef-elementor-content-grid elementor-section-height-default elementor-section-height-default\" data-id=\"262788b\" data-element_type=\"section\" data-e-type=\"section\" data-settings=\"{&quot;background_background&quot;:&quot;classic&quot;}\">\n\t\t\t\t\t\t\t<div class=\"elementor-background-overlay\"><\/div>\n\t\t\t\t\t\t\t<div class=\"elementor-container elementor-column-gap-default\">\n\t\t\t\t\t<div class=\"elementor-column elementor-col-100 elementor-top-column elementor-element elementor-element-88ebf59\" data-id=\"88ebf59\" data-element_type=\"column\" data-e-type=\"column\">\n\t\t\t<div class=\"elementor-widget-wrap\">\n\t\t\t\t\t\t\t<\/div>\n\t\t<\/div>\n\t\t\t\t\t<\/div>\n\t\t<\/section>\n\t\t\t\t<\/div>\n\t\t","protected":false},"excerpt":{"rendered":"<p>Our goals Providing solutions of every kind, start to end Lorem ipsum dolor sit amet, consectetur adipiscing elit. Suspendisse id quam tortor. Aenean et quam non nunc. Electric charging Lorem ipsum dolor sit amet, consectetur adipiscing elit. Water suplying Lorem ipsum dolor sit amet, consectetur adipiscing elit. Managment Lorem ipsum dolor sit amet, consectetur adipiscing [&hellip;]<\/p>\n","protected":false},"author":1,"featured_media":0,"parent":0,"menu_order":0,"comment_status":"closed","ping_status":"closed","template":"page-full-width.php","meta":{"inline_featured_image":false,"footnotes":""},"class_list":["post-2591","page","type-page","status-publish","hentry"],"_links":{"self":[{"href":"https:\/\/www.tmf-sa.pt\/pt\/wp-json\/wp\/v2\/pages\/2591","targetHints":{"allow":["GET"]}}],"collection":[{"href":"https:\/\/www.tmf-sa.pt\/pt\/wp-json\/wp\/v2\/pages"}],"about":[{"href":"https:\/\/www.tmf-sa.pt\/pt\/wp-json\/wp\/v2\/types\/page"}],"author":[{"embeddable":true,"href":"https:\/\/www.tmf-sa.pt\/pt\/wp-json\/wp\/v2\/users\/1"}],"replies":[{"embeddable":true,"href":"https:\/\/www.tmf-sa.pt\/pt\/wp-json\/wp\/v2\/comments?post=2591"}],"version-history":[{"count":0,"href":"https:\/\/www.tmf-sa.pt\/pt\/wp-json\/wp\/v2\/pages\/2591\/revisions"}],"wp:attachment":[{"href":"https:\/\/www.tmf-sa.pt\/pt\/wp-json\/wp\/v2\/media?parent=2591"}],"curies":[{"name":"wp","href":"https:\/\/api.w.org\/{rel}","templated":true}]}}