{"id":2134,"date":"2020-02-18T14:03:17","date_gmt":"2020-02-18T14:03:17","guid":{"rendered":"https:\/\/stal.qodeinteractive.com\/?page_id=2134"},"modified":"2021-02-10T00:22:42","modified_gmt":"2021-02-10T00:22:42","slug":"moradias","status":"publish","type":"page","link":"https:\/\/www.tmf-sa.pt\/en\/portfolio\/moradias\/","title":{"rendered":"Houses"},"content":{"rendered":"\t\t<div data-elementor-type=\"wp-page\" data-elementor-id=\"2134\" class=\"elementor elementor-2134\">\n\t\t\t\t\t\t<section class=\"elementor-section elementor-top-section elementor-element elementor-element-725754b elementor-section-full_width elementor-section-height-default elementor-section-height-default qodef-elementor-content-no\" data-id=\"725754b\" data-element_type=\"section\" data-e-type=\"section\">\n\t\t\t\t\t\t<div class=\"elementor-container elementor-column-gap-default\">\n\t\t\t\t\t<div class=\"elementor-column elementor-col-100 elementor-top-column elementor-element elementor-element-c7d74a7\" data-id=\"c7d74a7\" data-element_type=\"column\" data-e-type=\"column\">\n\t\t\t<div class=\"elementor-widget-wrap elementor-element-populated\">\n\t\t\t\t\t\t<div class=\"elementor-element elementor-element-7b3dbb9 elementor-widget elementor-widget-stal_core_portfolio_list\" data-id=\"7b3dbb9\" data-element_type=\"widget\" data-e-type=\"widget\" data-widget_type=\"stal_core_portfolio_list.default\">\n\t\t\t\t<div class=\"elementor-widget-container\">\n\t\t\t\t\t<div class=\"qodef-shortcode qodef-m  qodef-portfolio-list qodef-item-layout--info-on-hover qodef-grid qodef-layout--columns  qodef-gutter--normal qodef-col-num--4 qodef-item-layout--info-on-hover qodef--no-bottom-space qodef-pagination--off qodef-responsive--predefined qodef-hover-animation--fade-in\" data-options=\"{&quot;plugin&quot;:&quot;stal_core&quot;,&quot;module&quot;:&quot;post-types\\\/portfolio\\\/shortcodes&quot;,&quot;shortcode&quot;:&quot;portfolio-list&quot;,&quot;post_type&quot;:&quot;portfolio-item&quot;,&quot;next_page&quot;:&quot;2&quot;,&quot;max_pages_num&quot;:1,&quot;behavior&quot;:&quot;columns&quot;,&quot;images_proportion&quot;:&quot;stal_image_size_square&quot;,&quot;columns&quot;:&quot;4&quot;,&quot;columns_responsive&quot;:&quot;predefined&quot;,&quot;columns_1440&quot;:&quot;3&quot;,&quot;columns_1366&quot;:&quot;3&quot;,&quot;columns_1024&quot;:&quot;3&quot;,&quot;columns_768&quot;:&quot;3&quot;,&quot;columns_680&quot;:&quot;3&quot;,&quot;columns_480&quot;:&quot;3&quot;,&quot;space&quot;:&quot;normal&quot;,&quot;posts_per_page&quot;:&quot;12&quot;,&quot;orderby&quot;:&quot;date&quot;,&quot;order&quot;:&quot;DESC&quot;,&quot;additional_params&quot;:&quot;tax&quot;,&quot;tax&quot;:&quot;portfolio-tag&quot;,&quot;tax_slug&quot;:&quot;moradias&quot;,&quot;layout&quot;:&quot;info-on-hover&quot;,&quot;hover_animation_info-below&quot;:&quot;tilt&quot;,&quot;hover_animation_info-on-hover&quot;:&quot;fade-in&quot;,&quot;title_tag&quot;:&quot;h4&quot;,&quot;custom_padding&quot;:&quot;no&quot;,&quot;pagination_type&quot;:&quot;no-pagination&quot;,&quot;object_class_name&quot;:&quot;StalCorePortfolioListShortcode&quot;,&quot;taxonomy_filter&quot;:&quot;portfolio-category&quot;,&quot;additional_query_args&quot;:{&quot;tax_query&quot;:[{&quot;taxonomy&quot;:&quot;portfolio-tag&quot;,&quot;field&quot;:&quot;slug&quot;,&quot;terms&quot;:&quot;moradias&quot;}]},&quot;space_value&quot;:15}\">\n\t\t<div class=\"qodef-grid-inner clear\">\n\t\t<article class=\"qodef-e qodef-grid-item qodef-item--square post-8842 portfolio-item type-portfolio-item status-publish has-post-thumbnail hentry portfolio-tag-moradias\">\n\t<div class=\"qodef-e-inner\" >\n\t\t<div class=\"qodef-e-image\">\n\t\t\t\t<div class=\"qodef-e-media-image\">\n\t\t<a itemprop=\"url\" href=\"https:\/\/www.tmf-sa.pt\/en\/portfolio-item\/catalo-conclusao\/\">\n\t\t\t<img fetchpriority=\"high\" decoding=\"async\" width=\"650\" height=\"650\" src=\"https:\/\/www.tmf-sa.pt\/wp-content\/uploads\/2023\/01\/catalo_conclusao_0003_FINAIS_6-Photo-650x650.png\" class=\"attachment-stal_image_size_square size-stal_image_size_square\" alt=\"\" srcset=\"https:\/\/www.tmf-sa.pt\/wp-content\/uploads\/2023\/01\/catalo_conclusao_0003_FINAIS_6-Photo-650x650.png 650w, https:\/\/www.tmf-sa.pt\/wp-content\/uploads\/2023\/01\/catalo_conclusao_0003_FINAIS_6-Photo-150x150.png 150w, https:\/\/www.tmf-sa.pt\/wp-content\/uploads\/2023\/01\/catalo_conclusao_0003_FINAIS_6-Photo-82x82.png 82w\" sizes=\"(max-width: 650px) 100vw, 650px\" \/>\t\t<\/a>\n\t<\/div>\n\t\t<\/div>\n\t\t<div class=\"qodef-e-content\">\n\t\t\t<div class=\"qodef-e-content-inner\">\n\t\t\t\t<a itemprop=\"url\" href=\"https:\/\/www.tmf-sa.pt\/en\/portfolio-item\/catalo-conclusao\/\"><\/a>\n\t\t\t\t\t\t\t\t<h4 itemprop=\"name\" class=\"qodef-e-title entry-title\" >\n\t<a itemprop=\"url\" class=\"qodef-e-title-link\" href=\"https:\/\/www.tmf-sa.pt\/en\/portfolio-item\/catalo-conclusao\/\">\n\t\tUrbaniza\u00e7\u00e3o do Catal\u00f3 \u2013 Fase III &#8211; Conclus\u00e3o\t<\/a>\n<\/h4>\t\t\t<\/div>\n\t\t<\/div>\n\t<\/div>\n<\/article><article class=\"qodef-e qodef-grid-item qodef-item--square post-8259 portfolio-item type-portfolio-item status-publish has-post-thumbnail hentry portfolio-tag-moradias\">\n\t<div class=\"qodef-e-inner\" >\n\t\t<div class=\"qodef-e-image\">\n\t\t\t\t<div class=\"qodef-e-media-image\">\n\t\t<a itemprop=\"url\" href=\"https:\/\/www.tmf-sa.pt\/en\/portfolio-item\/urb-sao-lourenco-dagorda\/\">\n\t\t\t<img decoding=\"async\" width=\"650\" height=\"650\" src=\"https:\/\/www.tmf-sa.pt\/wp-content\/uploads\/2022\/01\/tmf_0001_Lote_7_FINAIS_8-Photo-650x650.png\" class=\"attachment-stal_image_size_square size-stal_image_size_square\" alt=\"\" srcset=\"https:\/\/www.tmf-sa.pt\/wp-content\/uploads\/2022\/01\/tmf_0001_Lote_7_FINAIS_8-Photo-650x650.png 650w, https:\/\/www.tmf-sa.pt\/wp-content\/uploads\/2022\/01\/tmf_0001_Lote_7_FINAIS_8-Photo-150x150.png 150w, https:\/\/www.tmf-sa.pt\/wp-content\/uploads\/2022\/01\/tmf_0001_Lote_7_FINAIS_8-Photo-82x82.png 82w\" sizes=\"(max-width: 650px) 100vw, 650px\" \/>\t\t<\/a>\n\t<\/div>\n\t\t<\/div>\n\t\t<div class=\"qodef-e-content\">\n\t\t\t<div class=\"qodef-e-content-inner\">\n\t\t\t\t<a itemprop=\"url\" href=\"https:\/\/www.tmf-sa.pt\/en\/portfolio-item\/urb-sao-lourenco-dagorda\/\"><\/a>\n\t\t\t\t\t\t\t\t<h4 itemprop=\"name\" class=\"qodef-e-title entry-title\" >\n\t<a itemprop=\"url\" class=\"qodef-e-title-link\" href=\"https:\/\/www.tmf-sa.pt\/en\/portfolio-item\/urb-sao-lourenco-dagorda\/\">\n\t\tUrbaniza\u00e7\u00e3o S\u00e3o Louren\u00e7o \u2013 Dagorda\t<\/a>\n<\/h4>\t\t\t<\/div>\n\t\t<\/div>\n\t<\/div>\n<\/article><article class=\"qodef-e qodef-grid-item qodef-item--square post-7410 portfolio-item type-portfolio-item status-publish has-post-thumbnail hentry portfolio-tag-moradias\">\n\t<div class=\"qodef-e-inner\" >\n\t\t<div class=\"qodef-e-image\">\n\t\t\t\t<div class=\"qodef-e-media-image\">\n\t\t<a itemprop=\"url\" href=\"https:\/\/www.tmf-sa.pt\/en\/portfolio-item\/lagoa-de-obidos\/\">\n\t\t\t<img decoding=\"async\" width=\"650\" height=\"650\" src=\"https:\/\/www.tmf-sa.pt\/wp-content\/uploads\/2021\/02\/Moradia_Lagoa_Obidos_08-650x650.jpg\" class=\"attachment-stal_image_size_square size-stal_image_size_square wp-post-image\" alt=\"\" srcset=\"https:\/\/www.tmf-sa.pt\/wp-content\/uploads\/2021\/02\/Moradia_Lagoa_Obidos_08-650x650.jpg 650w, https:\/\/www.tmf-sa.pt\/wp-content\/uploads\/2021\/02\/Moradia_Lagoa_Obidos_08-150x150.jpg 150w, https:\/\/www.tmf-sa.pt\/wp-content\/uploads\/2021\/02\/Moradia_Lagoa_Obidos_08-82x82.jpg 82w\" sizes=\"(max-width: 650px) 100vw, 650px\" \/>\t\t<\/a>\n\t<\/div>\n\t\t<\/div>\n\t\t<div class=\"qodef-e-content\">\n\t\t\t<div class=\"qodef-e-content-inner\">\n\t\t\t\t<a itemprop=\"url\" href=\"https:\/\/www.tmf-sa.pt\/en\/portfolio-item\/lagoa-de-obidos\/\"><\/a>\n\t\t\t\t\t\t\t\t<h4 itemprop=\"name\" class=\"qodef-e-title entry-title\" >\n\t<a itemprop=\"url\" class=\"qodef-e-title-link\" href=\"https:\/\/www.tmf-sa.pt\/en\/portfolio-item\/lagoa-de-obidos\/\">\n\t\tLagoa de \u00d3bidos\t<\/a>\n<\/h4>\t\t\t<\/div>\n\t\t<\/div>\n\t<\/div>\n<\/article><article class=\"qodef-e qodef-grid-item qodef-item--square post-6332 portfolio-item type-portfolio-item status-publish has-post-thumbnail hentry portfolio-tag-moradias\">\n\t<div class=\"qodef-e-inner\" >\n\t\t<div class=\"qodef-e-image\">\n\t\t\t\t<div class=\"qodef-e-media-image\">\n\t\t<a itemprop=\"url\" href=\"https:\/\/www.tmf-sa.pt\/en\/portfolio-item\/praia-del-rey-2\/\">\n\t\t\t<img loading=\"lazy\" decoding=\"async\" width=\"650\" height=\"650\" src=\"https:\/\/www.tmf-sa.pt\/wp-content\/uploads\/2020\/02\/port-list-12-650x650.jpg\" class=\"attachment-stal_image_size_square size-stal_image_size_square\" alt=\"m\" srcset=\"https:\/\/www.tmf-sa.pt\/wp-content\/uploads\/2020\/02\/port-list-12-650x650.jpg 650w, https:\/\/www.tmf-sa.pt\/wp-content\/uploads\/2020\/02\/port-list-12-300x300.jpg 300w, https:\/\/www.tmf-sa.pt\/wp-content\/uploads\/2020\/02\/port-list-12-150x150.jpg 150w, https:\/\/www.tmf-sa.pt\/wp-content\/uploads\/2020\/02\/port-list-12-768x768.jpg 768w, https:\/\/www.tmf-sa.pt\/wp-content\/uploads\/2020\/02\/port-list-12-12x12.jpg 12w, https:\/\/www.tmf-sa.pt\/wp-content\/uploads\/2020\/02\/port-list-12-82x82.jpg 82w, https:\/\/www.tmf-sa.pt\/wp-content\/uploads\/2020\/02\/port-list-12.jpg 900w\" sizes=\"(max-width: 650px) 100vw, 650px\" \/>\t\t<\/a>\n\t<\/div>\n\t\t<\/div>\n\t\t<div class=\"qodef-e-content\">\n\t\t\t<div class=\"qodef-e-content-inner\">\n\t\t\t\t<a itemprop=\"url\" href=\"https:\/\/www.tmf-sa.pt\/en\/portfolio-item\/praia-del-rey-2\/\"><\/a>\n\t\t\t\t\t\t\t\t<h4 itemprop=\"name\" class=\"qodef-e-title entry-title\" >\n\t<a itemprop=\"url\" class=\"qodef-e-title-link\" href=\"https:\/\/www.tmf-sa.pt\/en\/portfolio-item\/praia-del-rey-2\/\">\n\t\tPraia D&#8217;el Rey\t<\/a>\n<\/h4>\t\t\t<\/div>\n\t\t<\/div>\n\t<\/div>\n<\/article><article class=\"qodef-e qodef-grid-item qodef-item--square post-6511 portfolio-item type-portfolio-item status-publish has-post-thumbnail hentry portfolio-tag-moradias\">\n\t<div class=\"qodef-e-inner\" >\n\t\t<div class=\"qodef-e-image\">\n\t\t\t\t<div class=\"qodef-e-media-image\">\n\t\t<a itemprop=\"url\" href=\"https:\/\/www.tmf-sa.pt\/en\/portfolio-item\/quinta-do-lago\/\">\n\t\t\t<img loading=\"lazy\" decoding=\"async\" width=\"650\" height=\"650\" src=\"https:\/\/www.tmf-sa.pt\/wp-content\/uploads\/2021\/03\/quinta_lago_01-650x650.jpg\" class=\"attachment-stal_image_size_square size-stal_image_size_square wp-post-image\" alt=\"\" srcset=\"https:\/\/www.tmf-sa.pt\/wp-content\/uploads\/2021\/03\/quinta_lago_01-650x650.jpg 650w, https:\/\/www.tmf-sa.pt\/wp-content\/uploads\/2021\/03\/quinta_lago_01-150x150.jpg 150w, https:\/\/www.tmf-sa.pt\/wp-content\/uploads\/2021\/03\/quinta_lago_01-82x82.jpg 82w\" sizes=\"(max-width: 650px) 100vw, 650px\" \/>\t\t<\/a>\n\t<\/div>\n\t\t<\/div>\n\t\t<div class=\"qodef-e-content\">\n\t\t\t<div class=\"qodef-e-content-inner\">\n\t\t\t\t<a itemprop=\"url\" href=\"https:\/\/www.tmf-sa.pt\/en\/portfolio-item\/quinta-do-lago\/\"><\/a>\n\t\t\t\t\t\t\t\t<h4 itemprop=\"name\" class=\"qodef-e-title entry-title\" >\n\t<a itemprop=\"url\" class=\"qodef-e-title-link\" href=\"https:\/\/www.tmf-sa.pt\/en\/portfolio-item\/quinta-do-lago\/\">\n\t\tQuinta do Lago\t<\/a>\n<\/h4>\t\t\t<\/div>\n\t\t<\/div>\n\t<\/div>\n<\/article><article class=\"qodef-e qodef-grid-item qodef-item--square post-6316 portfolio-item type-portfolio-item status-publish has-post-thumbnail hentry portfolio-tag-moradias\">\n\t<div class=\"qodef-e-inner\" >\n\t\t<div class=\"qodef-e-image\">\n\t\t\t\t<div class=\"qodef-e-media-image\">\n\t\t<a itemprop=\"url\" href=\"https:\/\/www.tmf-sa.pt\/en\/portfolio-item\/dedicoasis\/\">\n\t\t\t<img loading=\"lazy\" decoding=\"async\" width=\"650\" height=\"650\" src=\"https:\/\/www.tmf-sa.pt\/wp-content\/uploads\/2021\/02\/Dedicoasis_00-650x650.jpg\" class=\"attachment-stal_image_size_square size-stal_image_size_square\" alt=\"\" srcset=\"https:\/\/www.tmf-sa.pt\/wp-content\/uploads\/2021\/02\/Dedicoasis_00-650x650.jpg 650w, https:\/\/www.tmf-sa.pt\/wp-content\/uploads\/2021\/02\/Dedicoasis_00-150x150.jpg 150w, https:\/\/www.tmf-sa.pt\/wp-content\/uploads\/2021\/02\/Dedicoasis_00-82x82.jpg 82w\" sizes=\"(max-width: 650px) 100vw, 650px\" \/>\t\t<\/a>\n\t<\/div>\n\t\t<\/div>\n\t\t<div class=\"qodef-e-content\">\n\t\t\t<div class=\"qodef-e-content-inner\">\n\t\t\t\t<a itemprop=\"url\" href=\"https:\/\/www.tmf-sa.pt\/en\/portfolio-item\/dedicoasis\/\"><\/a>\n\t\t\t\t\t\t\t\t<h4 itemprop=\"name\" class=\"qodef-e-title entry-title\" >\n\t<a itemprop=\"url\" class=\"qodef-e-title-link\" href=\"https:\/\/www.tmf-sa.pt\/en\/portfolio-item\/dedicoasis\/\">\n\t\tMoradias da Consola\u00e7\u00e3o\t<\/a>\n<\/h4>\t\t\t<\/div>\n\t\t<\/div>\n\t<\/div>\n<\/article><article class=\"qodef-e qodef-grid-item qodef-item--square post-6119 portfolio-item type-portfolio-item status-publish has-post-thumbnail hentry portfolio-tag-moradias\">\n\t<div class=\"qodef-e-inner\" >\n\t\t<div class=\"qodef-e-image\">\n\t\t\t\t<div class=\"qodef-e-media-image\">\n\t\t<a itemprop=\"url\" href=\"https:\/\/www.tmf-sa.pt\/en\/portfolio-item\/catalo\/\">\n\t\t\t<img loading=\"lazy\" decoding=\"async\" width=\"650\" height=\"650\" src=\"https:\/\/www.tmf-sa.pt\/wp-content\/uploads\/2021\/02\/01-650x650.jpg\" class=\"attachment-stal_image_size_square size-stal_image_size_square\" alt=\"\" srcset=\"https:\/\/www.tmf-sa.pt\/wp-content\/uploads\/2021\/02\/01-650x650.jpg 650w, https:\/\/www.tmf-sa.pt\/wp-content\/uploads\/2021\/02\/01-150x150.jpg 150w, https:\/\/www.tmf-sa.pt\/wp-content\/uploads\/2021\/02\/01-82x82.jpg 82w\" sizes=\"(max-width: 650px) 100vw, 650px\" \/>\t\t<\/a>\n\t<\/div>\n\t\t<\/div>\n\t\t<div class=\"qodef-e-content\">\n\t\t\t<div class=\"qodef-e-content-inner\">\n\t\t\t\t<a itemprop=\"url\" href=\"https:\/\/www.tmf-sa.pt\/en\/portfolio-item\/catalo\/\"><\/a>\n\t\t\t\t\t\t\t\t<h4 itemprop=\"name\" class=\"qodef-e-title entry-title\" >\n\t<a itemprop=\"url\" class=\"qodef-e-title-link\" href=\"https:\/\/www.tmf-sa.pt\/en\/portfolio-item\/catalo\/\">\n\t\tUrbaniza\u00e7\u00e3o do Catal\u00f3\t<\/a>\n<\/h4>\t\t\t<\/div>\n\t\t<\/div>\n\t<\/div>\n<\/article>\t<\/div>\n\t<\/div>\t\t\t\t<\/div>\n\t\t\t\t<\/div>\n\t\t\t\t\t<\/div>\n\t\t<\/div>\n\t\t\t\t\t<\/div>\n\t\t<\/section>\n\t\t\t\t<\/div>\n\t\t","protected":false},"excerpt":{"rendered":"<p>Projetos Moradia 10 Projetos Moradia 11 Projetos Moradia 12 Projetos Moradia 03 Projetos Moradia 02 Projetos Moradia 04 Projetos Moradia 05 Projetos Moradia 06 Projetos Moradia 07 Projetos Moradia 08 Projetos Moradia 09 Projetos Moradia 01<\/p>","protected":false},"author":1,"featured_media":0,"parent":1517,"menu_order":0,"comment_status":"closed","ping_status":"closed","template":"page-full-width.php","meta":{"inline_featured_image":false,"footnotes":""},"class_list":["post-2134","page","type-page","status-publish","hentry"],"_links":{"self":[{"href":"https:\/\/www.tmf-sa.pt\/en\/wp-json\/wp\/v2\/pages\/2134","targetHints":{"allow":["GET"]}}],"collection":[{"href":"https:\/\/www.tmf-sa.pt\/en\/wp-json\/wp\/v2\/pages"}],"about":[{"href":"https:\/\/www.tmf-sa.pt\/en\/wp-json\/wp\/v2\/types\/page"}],"author":[{"embeddable":true,"href":"https:\/\/www.tmf-sa.pt\/en\/wp-json\/wp\/v2\/users\/1"}],"replies":[{"embeddable":true,"href":"https:\/\/www.tmf-sa.pt\/en\/wp-json\/wp\/v2\/comments?post=2134"}],"version-history":[{"count":0,"href":"https:\/\/www.tmf-sa.pt\/en\/wp-json\/wp\/v2\/pages\/2134\/revisions"}],"up":[{"embeddable":true,"href":"https:\/\/www.tmf-sa.pt\/en\/wp-json\/wp\/v2\/pages\/1517"}],"wp:attachment":[{"href":"https:\/\/www.tmf-sa.pt\/en\/wp-json\/wp\/v2\/media?parent=2134"}],"curies":[{"name":"wp","href":"https:\/\/api.w.org\/{rel}","templated":true}]}}